{"id":847,"date":"2022-05-27T15:45:40","date_gmt":"2022-05-27T08:45:40","guid":{"rendered":"https:\/\/nhienlieuxanh.com\/?post_type=product&#038;p=847"},"modified":"2023-08-09T17:40:28","modified_gmt":"2023-08-09T10:40:28","slug":"threaded-digital-pressure-gauge-1-4","status":"publish","type":"product","link":"https:\/\/nhienlieuxanh.com\/en\/products-services\/products\/threaded-digital-pressure-gauge-1-4\/","title":{"rendered":"Threaded  Digital Pressure Gauge &#8211; 1\/4&#8243;"},"content":{"rendered":"","protected":false},"excerpt":{"rendered":"","protected":false},"featured_media":1839,"template":"","meta":{"_acf_changed":false},"product_cat":[62],"product_tag":[],"class_list":{"0":"post-847","1":"product","2":"type-product","3":"status-publish","4":"has-post-thumbnail","6":"product_cat-lpg-equipment-and-accessories","8":"first","9":"instock","10":"downloadable","11":"shipping-taxable","12":"product-type-simple"},"acf":[],"yoast_head":"<!-- This site is optimized with the Yoast SEO plugin v23.4 - https:\/\/yoast.com\/wordpress\/plugins\/seo\/ -->\n<title>Threaded Digital Pressure Gauge - 1\/4&quot; - NHIEN LIEU XANH<\/title>\n<meta name=\"description\" content=\"Read more about the benefits and specifications of the Threaded Digital Pressure Gauge - 1\/4&quot; and other commercial and industrial LPG products.\" \/>\n<meta name=\"robots\" content=\"index, follow, max-snippet:-1, max-image-preview:large, max-video-preview:-1\" \/>\n<link rel=\"canonical\" href=\"https:\/\/nhienlieuxanh.com\/en\/products-services\/products\/threaded-digital-pressure-gauge-1-4\/\" \/>\n<meta property=\"og:locale\" content=\"en_US\" \/>\n<meta property=\"og:type\" content=\"article\" \/>\n<meta property=\"og:title\" content=\"Nhien Lieu Xanh - Threaded Digital Pressure Gauge - 1\/4&quot;\" \/>\n<meta property=\"og:description\" content=\"Read more about the benefits and specifications of the Threaded Digital Pressure Gauge - 1\/4&quot; and other commercial and industrial LPG products.\" \/>\n<meta property=\"og:url\" content=\"https:\/\/nhienlieuxanh.com\/en\/products-services\/products\/threaded-digital-pressure-gauge-1-4\/\" \/>\n<meta property=\"og:site_name\" content=\"NHIEN LIEU XANH\" \/>\n<meta property=\"article:publisher\" content=\"https:\/\/www.facebook.com\/profile.php?id=100094522647133\" \/>\n<meta property=\"article:modified_time\" content=\"2023-08-09T10:40:28+00:00\" \/>\n<meta property=\"og:image\" content=\"https:\/\/nhienlieuxanh.com\/wp-content\/uploads\/2023\/06\/featuredImg-general.png\" \/>\n\t<meta property=\"og:image:width\" content=\"1000\" \/>\n\t<meta property=\"og:image:height\" content=\"700\" \/>\n\t<meta property=\"og:image:type\" content=\"image\/png\" \/>\n<script type=\"application\/ld+json\" class=\"yoast-schema-graph\">{\"@context\":\"https:\/\/schema.org\",\"@graph\":[{\"@type\":\"WebPage\",\"@id\":\"https:\/\/nhienlieuxanh.com\/en\/products-services\/products\/threaded-digital-pressure-gauge-1-4\/\",\"url\":\"https:\/\/nhienlieuxanh.com\/en\/products-services\/products\/threaded-digital-pressure-gauge-1-4\/\",\"name\":\"Threaded Digital Pressure Gauge - 1\/4\\\" - NHIEN LIEU XANH\",\"isPartOf\":{\"@id\":\"https:\/\/nhienlieuxanh.com\/en\/#website\"},\"primaryImageOfPage\":{\"@id\":\"https:\/\/nhienlieuxanh.com\/en\/products-services\/products\/threaded-digital-pressure-gauge-1-4\/#primaryimage\"},\"image\":{\"@id\":\"https:\/\/nhienlieuxanh.com\/en\/products-services\/products\/threaded-digital-pressure-gauge-1-4\/#primaryimage\"},\"thumbnailUrl\":\"https:\/\/nhienlieuxanh.com\/wp-content\/uploads\/2022\/05\/THU-VIEN-THIET-BI-GAS-chinh-05.jpg\",\"datePublished\":\"2022-05-27T08:45:40+00:00\",\"dateModified\":\"2023-08-09T10:40:28+00:00\",\"description\":\"Read more about the benefits and specifications of the Threaded Digital Pressure Gauge - 1\/4\\\" and other commercial and industrial LPG products.\",\"breadcrumb\":{\"@id\":\"https:\/\/nhienlieuxanh.com\/en\/products-services\/products\/threaded-digital-pressure-gauge-1-4\/#breadcrumb\"},\"inLanguage\":\"en-US\",\"potentialAction\":[{\"@type\":\"ReadAction\",\"target\":[\"https:\/\/nhienlieuxanh.com\/en\/products-services\/products\/threaded-digital-pressure-gauge-1-4\/\"]}]},{\"@type\":\"ImageObject\",\"inLanguage\":\"en-US\",\"@id\":\"https:\/\/nhienlieuxanh.com\/en\/products-services\/products\/threaded-digital-pressure-gauge-1-4\/#primaryimage\",\"url\":\"https:\/\/nhienlieuxanh.com\/wp-content\/uploads\/2022\/05\/THU-VIEN-THIET-BI-GAS-chinh-05.jpg\",\"contentUrl\":\"https:\/\/nhienlieuxanh.com\/wp-content\/uploads\/2022\/05\/THU-VIEN-THIET-BI-GAS-chinh-05.jpg\",\"width\":601,\"height\":801},{\"@type\":\"BreadcrumbList\",\"@id\":\"https:\/\/nhienlieuxanh.com\/en\/products-services\/products\/threaded-digital-pressure-gauge-1-4\/#breadcrumb\",\"itemListElement\":[{\"@type\":\"ListItem\",\"position\":1,\"name\":\"Home\",\"item\":\"https:\/\/nhienlieuxanh.com\/en\/\"},{\"@type\":\"ListItem\",\"position\":2,\"name\":\"LPG Products\",\"item\":\"https:\/\/nhienlieuxanh.com\/lpg-products-and-services\/lpg-products\/\"},{\"@type\":\"ListItem\",\"position\":3,\"name\":\"Threaded Digital Pressure Gauge &#8211; 1\/4&#8243;\"}]},{\"@type\":\"WebSite\",\"@id\":\"https:\/\/nhienlieuxanh.com\/en\/#website\",\"url\":\"https:\/\/nhienlieuxanh.com\/en\/\",\"name\":\"Nhi\u00ean Lieu Xanh\",\"description\":\"Master Compliance, Master Safety\",\"publisher\":{\"@id\":\"https:\/\/nhienlieuxanh.com\/en\/#organization\"},\"alternateName\":\"NHI\u00caN LI\u1ec6U XANH\",\"potentialAction\":[{\"@type\":\"SearchAction\",\"target\":{\"@type\":\"EntryPoint\",\"urlTemplate\":\"https:\/\/nhienlieuxanh.com\/en\/?s={search_term_string}\"},\"query-input\":{\"@type\":\"PropertyValueSpecification\",\"valueRequired\":true,\"valueName\":\"search_term_string\"}}],\"inLanguage\":\"en-US\"},{\"@type\":\"Organization\",\"@id\":\"https:\/\/nhienlieuxanh.com\/en\/#organization\",\"name\":\"REPRESENTATIVE OFFICE - NHIEN LIEU XANH CO., LTD.\",\"alternateName\":\"VP\u0110D C\u00d4NG TY TNHH NHI\u00caN LI\u1ec6U XANH\",\"url\":\"https:\/\/nhienlieuxanh.com\/en\/\",\"logo\":{\"@type\":\"ImageObject\",\"inLanguage\":\"en-US\",\"@id\":\"https:\/\/nhienlieuxanh.com\/en\/#\/schema\/logo\/image\/\",\"url\":\"https:\/\/nhienlieuxanh.com\/wp-content\/uploads\/2022\/03\/NLX-logo-primary-en.svg\",\"contentUrl\":\"https:\/\/nhienlieuxanh.com\/wp-content\/uploads\/2022\/03\/NLX-logo-primary-en.svg\",\"width\":2001,\"height\":356,\"caption\":\"REPRESENTATIVE OFFICE - NHIEN LIEU XANH CO., LTD.\"},\"image\":{\"@id\":\"https:\/\/nhienlieuxanh.com\/en\/#\/schema\/logo\/image\/\"},\"sameAs\":[\"https:\/\/www.facebook.com\/profile.php?id=100094522647133\",\"https:\/\/www.youtube.com\/@nhienlieuxanhgas4582\",\"https:\/\/www.linkedin.com\/in\/nhi\u00ean-li\u1ec7u-xanh-gas-0b41b3278\/\"]}]}<\/script>\n<!-- \/ Yoast SEO plugin. -->","yoast_head_json":{"title":"Threaded Digital Pressure Gauge - 1\/4\" - NHIEN LIEU XANH","description":"Read more about the benefits and specifications of the Threaded Digital Pressure Gauge - 1\/4\" and other commercial and industrial LPG products.","robots":{"index":"index","follow":"follow","max-snippet":"max-snippet:-1","max-image-preview":"max-image-preview:large","max-video-preview":"max-video-preview:-1"},"canonical":"https:\/\/nhienlieuxanh.com\/en\/products-services\/products\/threaded-digital-pressure-gauge-1-4\/","og_locale":"en_US","og_type":"article","og_title":"Nhien Lieu Xanh - Threaded Digital Pressure Gauge - 1\/4\"","og_description":"Read more about the benefits and specifications of the Threaded Digital Pressure Gauge - 1\/4\" and other commercial and industrial LPG products.","og_url":"https:\/\/nhienlieuxanh.com\/en\/products-services\/products\/threaded-digital-pressure-gauge-1-4\/","og_site_name":"NHIEN LIEU XANH","article_publisher":"https:\/\/www.facebook.com\/profile.php?id=100094522647133","article_modified_time":"2023-08-09T10:40:28+00:00","og_image":[{"width":1000,"height":700,"url":"https:\/\/nhienlieuxanh.com\/wp-content\/uploads\/2023\/06\/featuredImg-general.png","type":"image\/png"}],"schema":{"@context":"https:\/\/schema.org","@graph":[{"@type":"WebPage","@id":"https:\/\/nhienlieuxanh.com\/en\/products-services\/products\/threaded-digital-pressure-gauge-1-4\/","url":"https:\/\/nhienlieuxanh.com\/en\/products-services\/products\/threaded-digital-pressure-gauge-1-4\/","name":"Threaded Digital Pressure Gauge - 1\/4\" - NHIEN LIEU XANH","isPartOf":{"@id":"https:\/\/nhienlieuxanh.com\/en\/#website"},"primaryImageOfPage":{"@id":"https:\/\/nhienlieuxanh.com\/en\/products-services\/products\/threaded-digital-pressure-gauge-1-4\/#primaryimage"},"image":{"@id":"https:\/\/nhienlieuxanh.com\/en\/products-services\/products\/threaded-digital-pressure-gauge-1-4\/#primaryimage"},"thumbnailUrl":"https:\/\/nhienlieuxanh.com\/wp-content\/uploads\/2022\/05\/THU-VIEN-THIET-BI-GAS-chinh-05.jpg","datePublished":"2022-05-27T08:45:40+00:00","dateModified":"2023-08-09T10:40:28+00:00","description":"Read more about the benefits and specifications of the Threaded Digital Pressure Gauge - 1\/4\" and other commercial and industrial LPG products.","breadcrumb":{"@id":"https:\/\/nhienlieuxanh.com\/en\/products-services\/products\/threaded-digital-pressure-gauge-1-4\/#breadcrumb"},"inLanguage":"en-US","potentialAction":[{"@type":"ReadAction","target":["https:\/\/nhienlieuxanh.com\/en\/products-services\/products\/threaded-digital-pressure-gauge-1-4\/"]}]},{"@type":"ImageObject","inLanguage":"en-US","@id":"https:\/\/nhienlieuxanh.com\/en\/products-services\/products\/threaded-digital-pressure-gauge-1-4\/#primaryimage","url":"https:\/\/nhienlieuxanh.com\/wp-content\/uploads\/2022\/05\/THU-VIEN-THIET-BI-GAS-chinh-05.jpg","contentUrl":"https:\/\/nhienlieuxanh.com\/wp-content\/uploads\/2022\/05\/THU-VIEN-THIET-BI-GAS-chinh-05.jpg","width":601,"height":801},{"@type":"BreadcrumbList","@id":"https:\/\/nhienlieuxanh.com\/en\/products-services\/products\/threaded-digital-pressure-gauge-1-4\/#breadcrumb","itemListElement":[{"@type":"ListItem","position":1,"name":"Home","item":"https:\/\/nhienlieuxanh.com\/en\/"},{"@type":"ListItem","position":2,"name":"LPG Products","item":"https:\/\/nhienlieuxanh.com\/lpg-products-and-services\/lpg-products\/"},{"@type":"ListItem","position":3,"name":"Threaded Digital Pressure Gauge &#8211; 1\/4&#8243;"}]},{"@type":"WebSite","@id":"https:\/\/nhienlieuxanh.com\/en\/#website","url":"https:\/\/nhienlieuxanh.com\/en\/","name":"Nhi\u00ean Lieu Xanh","description":"Master Compliance, Master Safety","publisher":{"@id":"https:\/\/nhienlieuxanh.com\/en\/#organization"},"alternateName":"NHI\u00caN LI\u1ec6U XANH","potentialAction":[{"@type":"SearchAction","target":{"@type":"EntryPoint","urlTemplate":"https:\/\/nhienlieuxanh.com\/en\/?s={search_term_string}"},"query-input":{"@type":"PropertyValueSpecification","valueRequired":true,"valueName":"search_term_string"}}],"inLanguage":"en-US"},{"@type":"Organization","@id":"https:\/\/nhienlieuxanh.com\/en\/#organization","name":"REPRESENTATIVE OFFICE - NHIEN LIEU XANH CO., LTD.","alternateName":"VP\u0110D C\u00d4NG TY TNHH NHI\u00caN LI\u1ec6U XANH","url":"https:\/\/nhienlieuxanh.com\/en\/","logo":{"@type":"ImageObject","inLanguage":"en-US","@id":"https:\/\/nhienlieuxanh.com\/en\/#\/schema\/logo\/image\/","url":"https:\/\/nhienlieuxanh.com\/wp-content\/uploads\/2022\/03\/NLX-logo-primary-en.svg","contentUrl":"https:\/\/nhienlieuxanh.com\/wp-content\/uploads\/2022\/03\/NLX-logo-primary-en.svg","width":2001,"height":356,"caption":"REPRESENTATIVE OFFICE - NHIEN LIEU XANH CO., LTD."},"image":{"@id":"https:\/\/nhienlieuxanh.com\/en\/#\/schema\/logo\/image\/"},"sameAs":["https:\/\/www.facebook.com\/profile.php?id=100094522647133","https:\/\/www.youtube.com\/@nhienlieuxanhgas4582","https:\/\/www.linkedin.com\/in\/nhi\u00ean-li\u1ec7u-xanh-gas-0b41b3278\/"]}]}},"_links":{"self":[{"href":"https:\/\/nhienlieuxanh.com\/en\/wp-json\/wp\/v2\/product\/847","targetHints":{"allow":["GET"]}}],"collection":[{"href":"https:\/\/nhienlieuxanh.com\/en\/wp-json\/wp\/v2\/product"}],"about":[{"href":"https:\/\/nhienlieuxanh.com\/en\/wp-json\/wp\/v2\/types\/product"}],"wp:featuredmedia":[{"embeddable":true,"href":"https:\/\/nhienlieuxanh.com\/en\/wp-json\/wp\/v2\/media\/1839"}],"wp:attachment":[{"href":"https:\/\/nhienlieuxanh.com\/en\/wp-json\/wp\/v2\/media?parent=847"}],"wp:term":[{"taxonomy":"product_cat","embeddable":true,"href":"https:\/\/nhienlieuxanh.com\/en\/wp-json\/wp\/v2\/product_cat?post=847"},{"taxonomy":"product_tag","embeddable":true,"href":"https:\/\/nhienlieuxanh.com\/en\/wp-json\/wp\/v2\/product_tag?post=847"}],"curies":[{"name":"wp","href":"https:\/\/api.w.org\/{rel}","templated":true}]}}